{"id":974,"date":"2018-06-25T12:46:40","date_gmt":"2018-06-25T10:46:40","guid":{"rendered":"http:\/\/www.zaborna.cz\/?page_id=974"},"modified":"2020-07-08T12:36:25","modified_gmt":"2020-07-08T10:36:25","slug":"kaceni-majky-v-roce-2009","status":"publish","type":"page","link":"https:\/\/www.zaborna.cz\/?page_id=974","title":{"rendered":"K\u00e1cen\u00ed m\u00e1jky v roce 2009"},"content":{"rendered":"<!DOCTYPE html PUBLIC \"-\/\/W3C\/\/DTD HTML 4.0 Transitional\/\/EN\" \"http:\/\/www.w3.org\/TR\/REC-html40\/loose.dtd\">\n<html><body><p>ngg_shortcode_0_placeholder\n<\/p><p style=\"text-align: center;\"><strong>Autor fotografi&iacute; :<\/strong><\/p>\n<\/body><\/html>\n","protected":false},"excerpt":{"rendered":"<p>Autor fotografi&iacute; :<\/p>\n","protected":false},"author":1,"featured_media":0,"parent":0,"menu_order":0,"comment_status":"closed","ping_status":"closed","template":"","meta":{"ngg_post_thumbnail":0,"h5ap_radio_sources":[],"footnotes":""},"class_list":["post-974","page","type-page","status-publish","hentry"],"_links":{"self":[{"href":"https:\/\/www.zaborna.cz\/index.php?rest_route=\/wp\/v2\/pages\/974","targetHints":{"allow":["GET"]}}],"collection":[{"href":"https:\/\/www.zaborna.cz\/index.php?rest_route=\/wp\/v2\/pages"}],"about":[{"href":"https:\/\/www.zaborna.cz\/index.php?rest_route=\/wp\/v2\/types\/page"}],"author":[{"embeddable":true,"href":"https:\/\/www.zaborna.cz\/index.php?rest_route=\/wp\/v2\/users\/1"}],"replies":[{"embeddable":true,"href":"https:\/\/www.zaborna.cz\/index.php?rest_route=%2Fwp%2Fv2%2Fcomments&post=974"}],"version-history":[{"count":0,"href":"https:\/\/www.zaborna.cz\/index.php?rest_route=\/wp\/v2\/pages\/974\/revisions"}],"wp:attachment":[{"href":"https:\/\/www.zaborna.cz\/index.php?rest_route=%2Fwp%2Fv2%2Fmedia&parent=974"}],"curies":[{"name":"wp","href":"https:\/\/api.w.org\/{rel}","templated":true}]}}