{"id":972,"date":"2018-06-25T12:44:36","date_gmt":"2018-06-25T10:44:36","guid":{"rendered":"http:\/\/www.zaborna.cz\/?page_id=972"},"modified":"2020-07-08T12:40:48","modified_gmt":"2020-07-08T10:40:48","slug":"vanocni-besidka-20-12-2009","status":"publish","type":"page","link":"https:\/\/www.zaborna.cz\/?page_id=972","title":{"rendered":"V\u00e1no\u010dn\u00ed bes\u00eddka &#8211; 20.12.2009"},"content":{"rendered":"<!DOCTYPE html PUBLIC \"-\/\/W3C\/\/DTD HTML 4.0 Transitional\/\/EN\" \"http:\/\/www.w3.org\/TR\/REC-html40\/loose.dtd\">\n<html><body><p>ngg_shortcode_0_placeholder\n<\/p><p style=\"text-align: center;\"><strong>Autor fotografi&iacute; :<\/strong> Jan Hal&iacute;k<\/p>\n<\/body><\/html>\n","protected":false},"excerpt":{"rendered":"<p>Autor fotografi&iacute; : Jan Hal&iacute;k<\/p>\n","protected":false},"author":1,"featured_media":0,"parent":0,"menu_order":0,"comment_status":"closed","ping_status":"closed","template":"","meta":{"ngg_post_thumbnail":0,"h5ap_radio_sources":[],"footnotes":""},"class_list":["post-972","page","type-page","status-publish","hentry"],"_links":{"self":[{"href":"https:\/\/www.zaborna.cz\/index.php?rest_route=\/wp\/v2\/pages\/972","targetHints":{"allow":["GET"]}}],"collection":[{"href":"https:\/\/www.zaborna.cz\/index.php?rest_route=\/wp\/v2\/pages"}],"about":[{"href":"https:\/\/www.zaborna.cz\/index.php?rest_route=\/wp\/v2\/types\/page"}],"author":[{"embeddable":true,"href":"https:\/\/www.zaborna.cz\/index.php?rest_route=\/wp\/v2\/users\/1"}],"replies":[{"embeddable":true,"href":"https:\/\/www.zaborna.cz\/index.php?rest_route=%2Fwp%2Fv2%2Fcomments&post=972"}],"version-history":[{"count":0,"href":"https:\/\/www.zaborna.cz\/index.php?rest_route=\/wp\/v2\/pages\/972\/revisions"}],"wp:attachment":[{"href":"https:\/\/www.zaborna.cz\/index.php?rest_route=%2Fwp%2Fv2%2Fmedia&parent=972"}],"curies":[{"name":"wp","href":"https:\/\/api.w.org\/{rel}","templated":true}]}}