{"id":82,"date":"2018-06-22T18:37:00","date_gmt":"2018-06-22T16:37:00","guid":{"rendered":"http:\/\/www.zaborna.cz\/wp\/?page_id=82"},"modified":"2020-12-03T22:05:12","modified_gmt":"2020-12-03T21:05:12","slug":"elektronicka-podatelna","status":"publish","type":"page","link":"https:\/\/www.zaborna.cz\/?page_id=82","title":{"rendered":"Elektronick\u00e1 podatelna"},"content":{"rendered":"<!DOCTYPE html PUBLIC \"-\/\/W3C\/\/DTD HTML 4.0 Transitional\/\/EN\" \"http:\/\/www.w3.org\/TR\/REC-html40\/loose.dtd\">\n<html><body><p><a href=\"https:\/\/mapy.cz\/zakladni?x=15.7535490&amp;y=49.4863282&amp;z=15&amp;l=0\" target=\"_blank\" rel=\"noopener noreferrer\"><img loading=\"lazy\" decoding=\"async\" class=\"aligncenter wp-image-786 size-full\" src=\"https:\/\/www.zaborna.cz\/wp-content\/uploads\/2018\/06\/mapa_2.jpg\" alt=\"Kliknut&iacute;m na mapku se V&aacute;m obec zobraz&iacute; na www.mapy.cz\" data-id=\"783\" width=\"480\" height=\"242\"><\/a><\/p>\n<h2 style=\"text-align: center;\">Kontaktn&iacute; formul&aacute;&#345;<\/h2>\n<p style=\"text-align: center;\"><div class=\"everest-forms\"><div class=\"evf-container default\" id=\"evf-3182\"><form id=\"evf-form-3182\" class=\"everest-form\" data-formid=\"3182\" data-ajax_submission=\"0\" data-keyboard_friendly_form=\"0\" data-form_state_type=\"\" method=\"post\" enctype=\"multipart\/form-data\" action=\"\/index.php?rest_route=%2Fwp%2Fv2%2Fpages%2F82\"><div class=\"evf-field-container\"><input type=\"hidden\" id=\"_wpnonce3182\" name=\"_wpnonce3182\" value=\"7f664d1c3e\" \/><input type=\"hidden\" name=\"_wp_http_referer\" value=\"\/index.php?rest_route=%2Fwp%2Fv2%2Fpages%2F82\" \/><div class=\"evf-frontend-row\" data-row=\"row_1\" conditional_rules=\"[]\"><div class=\"evf-frontend-grid evf-grid-1\" data-grid=\"grid_1\"><div id=\"evf-3182-field_fullname-container\" class=\"evf-field evf-field-text form-row validate-required\" data-required-field-message=\"Toto pole je povinn\u00e9.\" data-field-id=\"fullname\"><label class=\"evf-field-label\" for=\"evf-3182-field_fullname\"><span class=\"evf-label\">Va\u0161e jm\u00e9no ( vy\u017eadov\u00e1no )<\/span> <abbr class=\"required\" title=\"Required\">*<\/abbr><\/label><input type=\"text\" id=\"evf-3182-field_fullname\" class=\"input-text\" name=\"everest_forms[form_fields][fullname]\" required><\/div><div id=\"evf-3182-field_email-container\" class=\"evf-field evf-field-email form-row validate-required validate-email\" data-required-field-message=\"Pros\u00edm zadejte platnou emailovou adresu.\" data-field-id=\"email\"><label class=\"evf-field-label\" for=\"evf-3182-field_email\"><span class=\"evf-label\">V\u00e1\u0161 email ( vy\u017eadov\u00e1no )<\/span> <abbr class=\"required\" title=\"Required\">*<\/abbr><\/label><input type=\"email\" id=\"evf-3182-field_email\" class=\"input-text\" name=\"everest_forms[form_fields][email]\" required ><\/div><div id=\"evf-3182-field_subject-container\" class=\"evf-field evf-field-text form-row\" data-field-id=\"subject\"><label class=\"evf-field-label\" for=\"evf-3182-field_subject\"><span class=\"evf-label\">P\u0159edm\u011bt<\/span> <\/label><input type=\"text\" id=\"evf-3182-field_subject\" class=\"input-text\" name=\"everest_forms[form_fields][subject]\" ><\/div><div id=\"evf-3182-field_message-container\" class=\"evf-field evf-field-textarea form-row\" data-field-id=\"message\"><label class=\"evf-field-label\" for=\"evf-3182-field_message\"><span class=\"evf-label\">Va\u0161e zpr\u00e1va<\/span> <\/label><textarea id=\"evf-3182-field_message\" class=\"input-text\" name=\"everest_forms[form_fields][message]\"  ><\/textarea><\/div><\/div><\/div><\/div><div class=\"evf-honeypot-container evf-field-hp\"><label for=\"evf-3182-field-hp\" class=\"evf-field-label\">Website<\/label><input type=\"text\" name=\"everest_forms[hp]\" id=\"evf-3182-field-hp\" class=\"input-text\"><\/div><div class=\"evf-submit-container \" ><input type=\"hidden\" name=\"everest_forms[id]\" value=\"3182\"><input type=\"hidden\" name=\"everest_forms[author]\" value=\"1\"><button type='submit' name='everest_forms[submit]' class='everest-forms-submit-button button evf-submit ' id='evf-submit-3182' value='evf-submit' data-process-text=\"Zpracov\u00e1v\u00e1 se \u2026...\" conditional_rules='&quot;&quot;' conditional_id='evf-submit-3182'  id=\"evf-submit-3182\" aria-live=\"assertive\">Odeslat<\/button><\/div><\/form><\/div><!-- .evf-container --><\/div><\/p>\n<\/body><\/html>\n","protected":false},"excerpt":{"rendered":"<p>Kontaktn&iacute; formul&aacute;&#345;<\/p>\n","protected":false},"author":1,"featured_media":0,"parent":0,"menu_order":0,"comment_status":"closed","ping_status":"closed","template":"","meta":{"ngg_post_thumbnail":0,"h5ap_radio_sources":[],"footnotes":""},"class_list":["post-82","page","type-page","status-publish","hentry"],"_links":{"self":[{"href":"https:\/\/www.zaborna.cz\/index.php?rest_route=\/wp\/v2\/pages\/82","targetHints":{"allow":["GET"]}}],"collection":[{"href":"https:\/\/www.zaborna.cz\/index.php?rest_route=\/wp\/v2\/pages"}],"about":[{"href":"https:\/\/www.zaborna.cz\/index.php?rest_route=\/wp\/v2\/types\/page"}],"author":[{"embeddable":true,"href":"https:\/\/www.zaborna.cz\/index.php?rest_route=\/wp\/v2\/users\/1"}],"replies":[{"embeddable":true,"href":"https:\/\/www.zaborna.cz\/index.php?rest_route=%2Fwp%2Fv2%2Fcomments&post=82"}],"version-history":[{"count":0,"href":"https:\/\/www.zaborna.cz\/index.php?rest_route=\/wp\/v2\/pages\/82\/revisions"}],"wp:attachment":[{"href":"https:\/\/www.zaborna.cz\/index.php?rest_route=%2Fwp%2Fv2%2Fmedia&parent=82"}],"curies":[{"name":"wp","href":"https:\/\/api.w.org\/{rel}","templated":true}]}}