{"id":54,"date":"2018-06-22T17:42:48","date_gmt":"2018-06-22T15:42:48","guid":{"rendered":"http:\/\/www.zaborna.cz\/wp\/?page_id=54"},"modified":"2026-02-26T00:56:38","modified_gmt":"2026-02-25T23:56:38","slug":"obecni-urad","status":"publish","type":"page","link":"https:\/\/www.zaborna.cz\/?page_id=54","title":{"rendered":"Obecn\u00ed \u00fa\u0159ad"},"content":{"rendered":"<!DOCTYPE html PUBLIC \"-\/\/W3C\/\/DTD HTML 4.0 Transitional\/\/EN\" \"http:\/\/www.w3.org\/TR\/REC-html40\/loose.dtd\">\n<html><body><div id=\"pl-54\" class=\"panel-layout\"><div id=\"pg-54-0\" class=\"panel-grid panel-no-style\"><div id=\"pgc-54-0-0\" class=\"panel-grid-cell\"><div id=\"panel-54-0-0-0\" class=\"widget_text so-panel widget widget_custom_html panel-first-child panel-last-child\" data-index=\"0\"><div class=\"textwidget custom-html-widget\"><h3>Informace podle z&aacute;kona<\/h3>\n<strong>Ofici&aacute;ln&iacute; n&aacute;zev :<\/strong>&nbsp;&nbsp;Obec Z&aacute;born&aacute;<br>\n<strong>Adresa &uacute;&#345;adu :<\/strong>&nbsp;&nbsp;Obec Z&aacute;born&aacute;, &#269;p. 49, 588 13 Poln&aacute;<br><br>\n<strong>Starosta :<\/strong>&nbsp;&nbsp;Vlastimil &#268;&aacute;stka<br>\n<strong>M&iacute;stostarosta :<\/strong>&nbsp;&nbsp;Bc. Petr Jaro&scaron;<br>\n<strong>Finan&#269;n&iacute; vedouc&iacute; :<\/strong>&nbsp;&nbsp;Ji&#345;ina Chv&aacute;talov&aacute;<br><br>\n<strong>P&#345;edseda finan&#269;n&iacute; komise :<\/strong>&nbsp;&nbsp;Mark&eacute;ta V&aacute;gnerov&aacute;<br>\n<strong>&#268;lenov&eacute; finan&#269;n&iacute; komise :<\/strong>&nbsp;&nbsp;Franti&scaron;ek Flesar a Martin Dvo&#345;&aacute;k<br><br>\n<strong>P&#345;edseda kontroln&iacute; komise :<\/strong>&nbsp;&nbsp;Dana Foltov&aacute;<br>\n<strong>&#268;lenov&eacute; kontroln&iacute; komise :<\/strong>&nbsp;&nbsp;Jaroslava Vackov&aacute; a Josef Koubek<br><br>\n<strong>Volby do zastupitelstva obce 2022 :<\/strong>&nbsp;&nbsp;<a href=\"wp-content\/uploads\/u_deska\/volby_2022_6.pdf\" target=\"blank\" rel=\"noopener noreferrer\"><strong>V&yacute;sledky<\/strong><\/a><br><br>\n<strong>&Uacute;&#345;edn&iacute; hodiny :<\/strong>&nbsp;&nbsp;&#268;tvrtek 19:00 &ndash; 20:30<br>\n<strong>Telefon :<\/strong>&nbsp;&nbsp;+420 725 101 055<br>\n<strong>Datov&aacute; schr&aacute;nka :<\/strong>&nbsp;&nbsp;i2hazrm<br>\n<strong>E-mail :<\/strong>&nbsp;&nbsp;obec@zaborna.cz<br>\n<strong>Internetov&aacute; adresa :<\/strong>&nbsp;&nbsp;www.zaborna.cz<br><br>\n<strong>I&#268;O :<\/strong>&nbsp;&nbsp;00543781<br>\n<strong>Bankovn&iacute; spojen&iacute; :<\/strong>&nbsp;&nbsp;MONETA Money Bank&nbsp;&nbsp;<strong>&#269;&iacute;slo &uacute;&#269;tu :<\/strong>&nbsp;&nbsp;24322514&nbsp;&nbsp;\/&nbsp;&nbsp;0600<br><br><br>\n<strong>Form&aacute;t dokument&#367; :<\/strong>&nbsp;&nbsp;pdf, doc (docx), xls (xlsx), odt, ods, jpg <\/div><\/div><\/div><\/div><div id=\"pg-54-1\" class=\"panel-grid panel-no-style\"><div id=\"pgc-54-1-0\" class=\"panel-grid-cell\"><div id=\"panel-54-1-0-0\" class=\"widget_text so-panel widget widget_custom_html panel-first-child panel-last-child\" data-index=\"1\"><div class=\"textwidget custom-html-widget\"><h3>Statistick&eacute; &uacute;daje obce :<\/h3>\n<strong>K&oacute;d ZUJ :<\/strong>&nbsp;&nbsp;588202<br>\n<strong>ID Obce :<\/strong>&nbsp;&nbsp;18904<br>\n<strong>Po&#269;et &#269;&aacute;st&iacute; obce :<\/strong>&nbsp;&nbsp;1<br>\n<strong>Katastr&aacute;ln&iacute; v&yacute;m&#283;ra :<\/strong>&nbsp;647 ha<br>\n<strong>Nadmo&#345;sk&aacute; v&yacute;&scaron;ka :<\/strong>&nbsp;&nbsp;&nbsp;&nbsp;527 m.n.m.\n<\/div><\/div><\/div><div id=\"pgc-54-1-1\" class=\"panel-grid-cell\"><div id=\"panel-54-1-1-0\" class=\"widget_text so-panel widget widget_custom_html panel-first-child panel-last-child\" data-index=\"2\"><div class=\"textwidget custom-html-widget\"><h3>Statistick&eacute; &uacute;daje obce :<\/h3>\n<strong>Po&#269;et obyvatel k 1.1.2025 :<\/strong>&nbsp;&nbsp;244<br>\n<strong>Po&#269;et narozen&yacute;ch :<\/strong>&nbsp;&nbsp;2<br>\n<strong>Po&#269;et zem&#345;el&yacute;ch :<\/strong>&nbsp;&nbsp;3<br>\n<strong>Po&#269;et p&#345;ist&#283;hovan&yacute;ch :<\/strong>&nbsp;&nbsp;3<br>\n<strong>Po&#269;et odst&#283;hovan&yacute;ch :<\/strong>&nbsp;&nbsp;5<br>\n<strong>Po&#269;et obyvatel k 1.1.2026 :<\/strong>&nbsp;&nbsp;241<\/div><\/div><\/div><\/div><div id=\"pg-54-2\" class=\"panel-grid panel-no-style\"><div id=\"pgc-54-2-0\" class=\"panel-grid-cell\"><div id=\"panel-54-2-0-0\" class=\"so-panel widget widget_metaslider_widget panel-first-child panel-last-child\" data-index=\"3\"><div class=\"panel-widget-style panel-widget-style-for-54-2-0-0\"><h3 class=\"widget-title\">Vlajka a znak obce<\/h3><div id=\"metaslider-id-3963\" style=\"max-width: 480px; margin: 0 auto;\" class=\"ml-slider-3-107-0 metaslider metaslider-flex metaslider-3963 ml-slider has-dots-nav ms-theme-default\" role=\"region\" aria-label=\"Znak a vlajka\" data-height=\"314\" data-width=\"480\">\n    <div id=\"metaslider_container_3963\">\n        <div id=\"metaslider_3963\">\n            <ul class=\"slides\">\n                <li style=\"display: block; width: 100%;\" class=\"slide-3964 ms-image \" aria-roledescription=\"slide\" data-date=\"2024-01-05 10:23:39\" data-filename=\"znak_v_sl.jpg\" data-slide-type=\"image\"><a href=\"https:\/\/www.zaborna.cz\/wp-content\/uploads\/2018\/06\/znak_v.jpg\" target=\"_blank\" aria-label=\"View Slide Details\" class=\"metaslider_image_link\"><img loading=\"lazy\" decoding=\"async\" src=\"https:\/\/www.zaborna.cz\/wp-content\/uploads\/2020\/07\/znak_v_sl.jpg\" height=\"314\" width=\"480\" alt=\"\" class=\"slider-3963 slide-3964 msDefaultImage\" title=\"Znak V Sl\"><\/a><\/li>\n                <li style=\"display: none; width: 100%;\" class=\"slide-3965 ms-image \" aria-roledescription=\"slide\" data-date=\"2024-01-05 10:23:40\" data-filename=\"vlajka_v_sl.jpg\" data-slide-type=\"image\"><a href=\"https:\/\/www.zaborna.cz\/wp-content\/uploads\/2018\/06\/vlajka_v.png\" target=\"_blank\" aria-label=\"View Slide Details\" class=\"metaslider_image_link\"><img loading=\"lazy\" decoding=\"async\" src=\"https:\/\/www.zaborna.cz\/wp-content\/uploads\/2020\/07\/vlajka_v_sl.jpg\" height=\"314\" width=\"480\" alt=\"\" class=\"slider-3963 slide-3965 msDefaultImage\" title=\"Vlajka V Sl\"><\/a><\/li>\n                <li style=\"display: none; width: 100%;\" class=\"slide-3966 ms-image \" aria-roledescription=\"slide\" data-date=\"2024-01-05 10:23:40\" data-filename=\"urad_sl.jpg\" data-slide-type=\"image\"><a href=\"https:\/\/www.zaborna.cz\/wp-content\/uploads\/2018\/07\/urad_sl.jpg\" target=\"_blank\" aria-label=\"View Slide Details\" class=\"metaslider_image_link\"><img loading=\"lazy\" decoding=\"async\" src=\"https:\/\/www.zaborna.cz\/wp-content\/uploads\/2020\/07\/urad_sl.jpg\" height=\"314\" width=\"480\" alt=\"\" class=\"slider-3963 slide-3966 msDefaultImage\" title=\"Urad Sl\"><\/a><\/li>\n            <\/ul>\n        <\/div>\n        \n    <\/div>\n<\/div><\/div><\/div><\/div><\/div><\/div><\/body><\/html>\n","protected":false},"excerpt":{"rendered":"<p>Informace podle z&aacute;kona Ofici&aacute;ln&iacute; n&aacute;zev :&nbsp;&nbsp;Obec Z&aacute;born&aacute; Adresa &uacute;&#345;adu :&nbsp;&nbsp;Obec Z&aacute;born&aacute;, &#269;p. 49, 588 13 Poln&aacute; Starosta :&nbsp;&nbsp;Vlastimil &#268;&aacute;stka M&iacute;stostarosta :&nbsp;&nbsp;Bc. Petr Jaro&scaron; Finan&#269;n&iacute; vedouc&iacute; :&nbsp;&nbsp;Ji&#345;ina Chv&aacute;talov&aacute; P&#345;edseda finan&#269;n&iacute; komise :&nbsp;&nbsp;Mark&eacute;ta V&aacute;gnerov&aacute; &#268;lenov&eacute; finan&#269;n&iacute; komise :&nbsp;&nbsp;Franti&scaron;ek Flesar a Martin Dvo&#345;&aacute;k P&#345;edseda kontroln&iacute; komise :&nbsp;&nbsp;Dana Foltov&aacute; &#268;lenov&eacute; kontroln&iacute; komise :&nbsp;&nbsp;Jaroslava Vackov&aacute; a Josef Koubek Volby do [&hellip;]<\/p>\n","protected":false},"author":1,"featured_media":0,"parent":0,"menu_order":0,"comment_status":"closed","ping_status":"closed","template":"","meta":{"ngg_post_thumbnail":0,"h5ap_radio_sources":[],"footnotes":""},"class_list":["post-54","page","type-page","status-publish","hentry"],"_links":{"self":[{"href":"https:\/\/www.zaborna.cz\/index.php?rest_route=\/wp\/v2\/pages\/54","targetHints":{"allow":["GET"]}}],"collection":[{"href":"https:\/\/www.zaborna.cz\/index.php?rest_route=\/wp\/v2\/pages"}],"about":[{"href":"https:\/\/www.zaborna.cz\/index.php?rest_route=\/wp\/v2\/types\/page"}],"author":[{"embeddable":true,"href":"https:\/\/www.zaborna.cz\/index.php?rest_route=\/wp\/v2\/users\/1"}],"replies":[{"embeddable":true,"href":"https:\/\/www.zaborna.cz\/index.php?rest_route=%2Fwp%2Fv2%2Fcomments&post=54"}],"version-history":[{"count":4,"href":"https:\/\/www.zaborna.cz\/index.php?rest_route=\/wp\/v2\/pages\/54\/revisions"}],"predecessor-version":[{"id":4522,"href":"https:\/\/www.zaborna.cz\/index.php?rest_route=\/wp\/v2\/pages\/54\/revisions\/4522"}],"wp:attachment":[{"href":"https:\/\/www.zaborna.cz\/index.php?rest_route=%2Fwp%2Fv2%2Fmedia&parent=54"}],"curies":[{"name":"wp","href":"https:\/\/api.w.org\/{rel}","templated":true}]}}