{"id":45,"date":"2018-06-22T15:13:57","date_gmt":"2018-06-22T13:13:57","guid":{"rendered":"http:\/\/www.zaborna.cz\/wp\/?page_id=45"},"modified":"2026-05-13T00:24:55","modified_gmt":"2026-05-12T22:24:55","slug":"aktuality","status":"publish","type":"page","link":"https:\/\/www.zaborna.cz\/","title":{"rendered":"Aktuality"},"content":{"rendered":"<!DOCTYPE html PUBLIC \"-\/\/W3C\/\/DTD HTML 4.0 Transitional\/\/EN\" \"http:\/\/www.w3.org\/TR\/REC-html40\/loose.dtd\">\n<html><body><p style=\"text-align: center;\"><strong><a href=\"wp-content\/uploads\/u_deska\/dd_2026.pdf\" target=\"blank\" rel=\"noopener noreferrer\">POZV&Aacute;NKA NA D&#282;TSK&Yacute; DEN.<\/a><br><a href=\"wp-content\/uploads\/u_deska\/majka_2026.pdf\" target=\"blank\" rel=\"noopener noreferrer\">POZV&Aacute;NKA NA K&Aacute;CEN&Iacute; M&Aacute;JKY.<\/a><\/strong><br>\n<strong><a href=\"https:\/\/www.zaborna.cz\/wp-content\/uploads\/u_deska\/sal_pronajem.pdf\" target=\"blank\" rel=\"noopener noreferrer\">INFORMACE O PRON&Aacute;JMU OBECN&Iacute;CH PROSTOR V KULTURN&Iacute;M DOM&#282;<\/a><\/strong><\/p>\n<p style=\"text-align: left;\"><div id=\"metaslider-id-4464\" style=\"max-width: 480px; margin: 0 auto;\" class=\"ml-slider-3-109-0 metaslider metaslider-flex metaslider-4464 ml-slider has-onhover-arrows has-dots-nav ms-theme-default\" role=\"region\" aria-label=\"Oznameni\" data-height=\"360\" data-width=\"480\">\n    <div id=\"metaslider_container_4464\">\n        <div id=\"metaslider_4464\">\n            <ul class='slides'>\n                <li style=\"display: block; width: 100%;\" class=\"slide-4510 ms-image \" aria-roledescription=\"slide\" data-date=\"2026-01-18 11:33:55\" data-filename=\"majka.jpg\" data-slide-type=\"image\"><a href=\"https:\/\/www.zaborna.cz\/wp-content\/uploads\/u_deska\/majka_2026.pdf\" target=\"_blank\" aria-label=\"K\u00e1cen\u00ed m\u00e1jky\" class=\"metaslider_image_link\"><img loading=\"lazy\" decoding=\"async\" src=\"https:\/\/www.zaborna.cz\/wp-content\/uploads\/2026\/05\/majka.jpg\" height=\"360\" width=\"480\" alt=\"\" class=\"slider-4464 slide-4510 msDefaultImage\" title=\"majka\" \/><\/a><\/li>\n                <li style=\"display: none; width: 100%;\" class=\"slide-4573 ms-image \" aria-roledescription=\"slide\" data-date=\"2026-05-13 00:12:42\" data-filename=\"dd.jpg\" data-slide-type=\"image\"><a href=\"https:\/\/www.zaborna.cz\/wp-content\/uploads\/u_deska\/dd_2026.pdf\" target=\"_blank\" aria-label=\"D\u011btsk\u00fd den\" class=\"metaslider_image_link\"><img loading=\"lazy\" decoding=\"async\" src=\"https:\/\/www.zaborna.cz\/wp-content\/uploads\/2026\/05\/dd.jpg\" height=\"360\" width=\"480\" alt=\"\" class=\"slider-4464 slide-4573 msDefaultImage\" title=\"dd\" \/><\/a><\/li>\n            <\/ul>\n        <\/div>\n        \n    <\/div>\n<\/div><\/p>\n<ul>\n<li><strong><a href=\"wp-content\/uploads\/u_deska\/audit_2026.pdf\" target=\"blank\" rel=\"noopener noreferrer\">Zpr&aacute;va o v&yacute;sledku p&#345;ezkoum&aacute;n&iacute; hospoda&#345;en&iacute; obce za rok 2025.<\/a><\/strong><\/li>\n<li><strong><a href=\"wp-content\/uploads\/u_deska\/zaverecny_ucet_2025_navrh.pdf\" target=\"blank\" rel=\"noopener noreferrer\">N&aacute;vrh z&aacute;v&#283;re&#269;n&eacute;ho &uacute;&#269;tu za rok 2025.<\/a><\/strong><\/li>\n<li><a href=\"wp-content\/uploads\/u_deska\/Vyhlaska_FU_Jihlava_2026.pdf\" target=\"blank\" rel=\"noopener noreferrer\">Ve&#345;ejn&aacute; vyhl&aacute;&scaron;ka Finan&#269;n&iacute;ho &uacute;&#345;adu Kraje Vyso&#269;ina.<\/a><\/li>\n<li>St&aacute;tem navr&#382;en&eacute; koridory pro v&#283;trn&eacute; elektr&aacute;rny.<\/li>\n<li><a href=\"wp-content\/uploads\/u_deska\/zivotni_prostredi.pdf\" target=\"blank\" rel=\"noopener noreferrer\">Ozn&aacute;men&iacute; o vyhl&aacute;&scaron;en&iacute; pr&aacute;vn&iacute;ho p&#345;edpisu &ndash; zpracov&aacute;n&iacute; lesn&iacute; hospod.osnovy.<\/a><\/li>\n<li><a href=\"wp-content\/uploads\/u_deska\/mikroregion_nzu_2025.pdf\" target=\"blank\" rel=\"noopener noreferrer\">N&aacute;vrh z&aacute;v&#283;re&#269;n&eacute;ho &uacute;&#269;tu Mikroregionu Polensko za rok 2025.<\/a>&lt;&gt;<\/li>\n<li><a href=\"https:\/\/www.zaborna.cz\/wp-content\/uploads\/u_deska\/zpravodaj_02_2026.pdf\" target=\"blank\" rel=\"noopener noreferrer\">Zpravodaj obce z&nbsp;&nbsp; 25.02.2026<\/a><\/li>\n<li><a href=\"wp-content\/uploads\/u_deska\/smlouva_oz_mp.pdf\" target=\"blank\" rel=\"noopener noreferrer\">Ve&#345;ejnopr&aacute;vn&iacute; smlouva mezi obc&iacute; Z&aacute;born&aacute; a m&#283;stem Poln&aacute;.<\/a><\/li>\n<li><a href=\"wp-content\/uploads\/u_deska\/rozpoctove_opatreni_1_2026.pdf\" target=\"blank\" rel=\"noopener noreferrer\">Rozpo&#269;tov&eacute; opat&#345;en&iacute; &#269;. 1 &ndash; 2026.<\/a><\/li>\n<li><a href=\"wp-content\/uploads\/u_deska\/mz_vyhlaska_2.pdf\" target=\"blank\" rel=\"noopener noreferrer\">Ve&#345;ejn&aacute; vyhl&aacute;&scaron;ka Ministerstva zem&#283;d&#283;lstv&iacute;.<\/a><\/li>\n<li><a href=\"wp-content\/uploads\/u_deska\/rozpocet_2026.pdf\" target=\"blank\" rel=\"noopener noreferrer\">Rozpo&#269;et obce pro rok 2026.<\/a><\/li>\n<li><a href=\"wp-content\/uploads\/u_deska\/rozpoctovy_vyhled_2028_2030.pdf\" target=\"blank\" rel=\"noopener noreferrer\">St&#345;edn&#283;dob&yacute; rozpo&#269;tov&yacute; v&yacute;hled obce pro roky 2028 a&#382; 2030.<\/a><\/li>\n<li><a href=\"wp-content\/uploads\/u_deska\/vyhlaska_2025_ji_kv_2.pdf\" target=\"blank\" rel=\"noopener noreferrer\">Ve&#345;ejn&aacute; vyhl&aacute;&scaron;ka &ndash; Aktualizace &#269;. 9 Z&aacute;sad &uacute;zemn&iacute;ho rozvoje Kraje Vyso&#269;ina.<\/a><\/li>\n<li><a href=\"wp-content\/uploads\/u_deska\/vyhlaska_2025_ji_kv.pdf\" target=\"blank\" rel=\"noopener noreferrer\">Ve&#345;ejn&aacute; Vyhl&aacute;&scaron;ka &ndash; kon&aacute;n&iacute; ve&#345;ejn&eacute;ho projedn&aacute;n&iacute; z&aacute;sad zm&#283;n &uacute;zemn&iacute;ho rozvoje KV.<\/a><\/li>\n<li><a href=\"wp-content\/uploads\/u_deska\/rozpoctove_opatreni_7_2025.pdf\" target=\"blank\" rel=\"noopener noreferrer\">Rozpo&#269;tov&eacute; opat&#345;en&iacute; &#269;. 7 &ndash; 2025.<\/a><\/li>\n<li><a href=\"wp-content\/uploads\/u_deska\/rozpoctovy_vyhled_2028_2030_navrh.pdf\" target=\"blank\" rel=\"noopener noreferrer\">N&aacute;vrh st&#345;edn&#283;dob&eacute;ho v&yacute;hledu rozpo&#269;tu obce na roky 2028-30.<\/a><\/li>\n<li><a href=\"wp-content\/uploads\/u_deska\/rozpocet_2026_navrh.pdf\" target=\"blank\" rel=\"noopener noreferrer\">N&aacute;vrh rozpo&#269;tu pro rok 2026.<\/a><\/li>\n<li><a href=\"wp-content\/uploads\/u_deska\/rozpoctove_opatreni_6_2025.pdf\" target=\"blank\" rel=\"noopener noreferrer\">Rozpo&#269;tov&eacute; opat&#345;en&iacute; &#269;. 6 &ndash; 2025.<\/a><\/li>\n<li><a href=\"wp-content\/uploads\/u_deska\/navrh_rozpoctu_2026_mikroreg.pdf\" target=\"blank\" rel=\"noopener noreferrer\">Mikroregion Polensko &ndash; N&aacute;vrh rozpo&#269;tu pro rok 2026.<\/a><\/li>\n<li><a href=\"wp-content\/uploads\/u_deska\/inventury_2025_mikroreg.pdf\" target=\"blank\" rel=\"noopener noreferrer\">Mikroregion Polensko &ndash; Pl&aacute;n Inventur pro rok 2025.<\/a><\/li>\n<li><a href=\"wp-content\/uploads\/u_deska\/volby_2025_3.pdf\" target=\"blank\" rel=\"noopener noreferrer\">Volby do poslaneck&eacute; sn&#283;movny parlamentu &#268;R 2025.<\/a><\/li>\n<li><a href=\"wp-content\/uploads\/u_deska\/MPR_vyhlaska_2025.pdf\" target=\"blank\" rel=\"noopener noreferrer\">Ve&#345;ejn&aacute; vyhl&aacute;&scaron;ka &ndash; &Uacute;zemn&iacute; rozvojov&yacute; pl&aacute;n.<\/a><\/li>\n<li><a href=\"wp-content\/uploads\/u_deska\/rozpoctove_opatreni_5_2025.pdf\" target=\"blank\" rel=\"noopener noreferrer\">Rozpo&#269;tov&eacute; opat&#345;en&iacute; &#269;. 5 &ndash; 2025.<\/a><\/li>\n<li><a href=\"wp-content\/uploads\/u_deska\/vyhlaska_2025_ji.pdf\" target=\"blank\" rel=\"noopener noreferrer\">Ve&#345;ejn&aacute; vyhl&aacute;&scaron;ka stavebn&iacute;ho &uacute;&#345;adu Magistr&aacute;tu m&#283;sta Jihlavy.<\/a><\/li>\n<li><a href=\"wp-content\/uploads\/u_deska\/volby_2025_2.pdf\" target=\"blank\" rel=\"noopener noreferrer\">Volby do poslaneck&eacute; sn&#283;movny parlamentu &#268;R 2025.<\/a><\/li>\n<li><a href=\"wp-content\/uploads\/u_deska\/rozpoctove_opatreni_4_2025.pdf\" target=\"blank\" rel=\"noopener noreferrer\">Rozpo&#269;tov&eacute; opat&#345;en&iacute; &#269;. 4 &ndash; 2025.<\/a><\/li>\n<li><a href=\"wp-content\/uploads\/u_deska\/volby_2025_1.pdf\" target=\"blank\" rel=\"noopener noreferrer\">Volby do poslaneck&eacute; sn&#283;movny parlamentu &#268;R 2025.<\/a><\/li>\n<li><a href=\"wp-content\/uploads\/u_deska\/rozpoctove_opatreni_3_2025.pdf\" target=\"blank\" rel=\"noopener noreferrer\">Rozpo&#269;tov&eacute; opat&#345;en&iacute; &#269;. 3 &ndash; 2025.<\/a><\/li>\n<li><a href=\"wp-content\/uploads\/u_deska\/lesy_cr_2025.pdf\" target=\"blank\" rel=\"noopener noreferrer\">V&yacute;b&#283;rov&eacute; &#345;&iacute;sen&iacute; na prodej pozemku &ndash; Lesy &#268;R.<\/a><\/li>\n<li><a href=\"wp-content\/uploads\/u_deska\/rozpoctove_opatreni_2_2025.pdf\" target=\"blank\" rel=\"noopener noreferrer\">Rozpo&#269;tov&eacute; opat&#345;en&iacute; &#269;. 2 &ndash; 2025.<\/a><\/li>\n<li><a href=\"wp-content\/uploads\/u_deska\/zaverecny_ucet_2024_schvaleny.pdf\" target=\"blank\" rel=\"noopener noreferrer\">Schv&aacute;len&yacute; Z&aacute;v&#283;re&#269;n&yacute; &uacute;&#269;et obce pro rok 2024.<\/a><\/li>\n<li><a href=\"wp-content\/uploads\/u_deska\/navrh_zu_mp_2024.pdf\" target=\"blank\" rel=\"noopener noreferrer\">N&aacute;vrh z&aacute;v&#283;re&#269;n&eacute;ho &uacute;&#269;tu Mikroregionu Polensko za rok 2024.<\/a><\/li>\n<li><a href=\"wp-content\/uploads\/u_deska\/audit_hospodareni_2024.pdf\" target=\"blank\" rel=\"noopener noreferrer\">Zpr&aacute;va o v&yacute;sledku p&#345;ezkoum&aacute;n&iacute; hospoda&#345;en&iacute; obce za rok 2024.<\/a><\/li>\n<li><a href=\"wp-content\/uploads\/u_deska\/rozpoctove_opatreni_1_2025.pdf\" target=\"blank\" rel=\"noopener noreferrer\">Rozpo&#269;tov&eacute; opat&#345;en&iacute; &#269;. 1 &ndash; 2025.<\/a><\/li>\n<li><a href=\"wp-content\/uploads\/u_deska\/rozpoctove_opatreni_6_2024.pdf\" target=\"blank\" rel=\"noopener noreferrer\">Rozpo&#269;tov&eacute; opat&#345;en&iacute; &#269;. 6 &ndash; 2024.<\/a><\/li>\n<li><a href=\"wp-content\/uploads\/u_deska\/zprava_2025.pdf\" target=\"blank\" rel=\"noopener noreferrer\">Zpr&aacute;va o v&yacute;sledku p&#345;ezkoum&aacute;n&iacute; hospoda&#345;en&iacute; obce.<\/a><\/li>\n<\/ul>\n<\/body><\/html>\n","protected":false},"excerpt":{"rendered":"<p>POZV&Aacute;NKA NA D&#282;TSK&Yacute; DEN.POZV&Aacute;NKA NA K&Aacute;CEN&Iacute; M&Aacute;JKY. INFORMACE O PRON&Aacute;JMU OBECN&Iacute;CH PROSTOR V KULTURN&Iacute;M DOM&#282; Zpr&aacute;va o v&yacute;sledku p&#345;ezkoum&aacute;n&iacute; hospoda&#345;en&iacute; obce za rok 2025. N&aacute;vrh z&aacute;v&#283;re&#269;n&eacute;ho &uacute;&#269;tu za rok 2025. Ve&#345;ejn&aacute; vyhl&aacute;&scaron;ka Finan&#269;n&iacute;ho &uacute;&#345;adu Kraje Vyso&#269;ina. St&aacute;tem navr&#382;en&eacute; koridory pro v&#283;trn&eacute; elektr&aacute;rny. Ozn&aacute;men&iacute; o vyhl&aacute;&scaron;en&iacute; pr&aacute;vn&iacute;ho p&#345;edpisu &ndash; zpracov&aacute;n&iacute; lesn&iacute; hospod.osnovy. N&aacute;vrh z&aacute;v&#283;re&#269;n&eacute;ho &uacute;&#269;tu Mikroregionu [&hellip;]<\/p>\n","protected":false},"author":1,"featured_media":0,"parent":0,"menu_order":0,"comment_status":"closed","ping_status":"closed","template":"","meta":{"ngg_post_thumbnail":0,"h5ap_radio_sources":[],"footnotes":""},"class_list":["post-45","page","type-page","status-publish","hentry"],"_links":{"self":[{"href":"https:\/\/www.zaborna.cz\/index.php?rest_route=\/wp\/v2\/pages\/45","targetHints":{"allow":["GET"]}}],"collection":[{"href":"https:\/\/www.zaborna.cz\/index.php?rest_route=\/wp\/v2\/pages"}],"about":[{"href":"https:\/\/www.zaborna.cz\/index.php?rest_route=\/wp\/v2\/types\/page"}],"author":[{"embeddable":true,"href":"https:\/\/www.zaborna.cz\/index.php?rest_route=\/wp\/v2\/users\/1"}],"replies":[{"embeddable":true,"href":"https:\/\/www.zaborna.cz\/index.php?rest_route=%2Fwp%2Fv2%2Fcomments&post=45"}],"version-history":[{"count":163,"href":"https:\/\/www.zaborna.cz\/index.php?rest_route=\/wp\/v2\/pages\/45\/revisions"}],"predecessor-version":[{"id":4574,"href":"https:\/\/www.zaborna.cz\/index.php?rest_route=\/wp\/v2\/pages\/45\/revisions\/4574"}],"wp:attachment":[{"href":"https:\/\/www.zaborna.cz\/index.php?rest_route=%2Fwp%2Fv2%2Fmedia&parent=45"}],"curies":[{"name":"wp","href":"https:\/\/api.w.org\/{rel}","templated":true}]}}