{"id":388,"date":"2018-06-23T01:40:09","date_gmt":"2018-06-22T23:40:09","guid":{"rendered":"http:\/\/www.zaborna.cz\/wp\/?page_id=388"},"modified":"2020-07-08T12:45:18","modified_gmt":"2020-07-08T10:45:18","slug":"zaborna-a-okoli-2","status":"publish","type":"page","link":"https:\/\/www.zaborna.cz\/?page_id=388","title":{"rendered":"Z\u00e1born\u00e1 a okol\u00ed"},"content":{"rendered":"<!DOCTYPE html PUBLIC \"-\/\/W3C\/\/DTD HTML 4.0 Transitional\/\/EN\" \"http:\/\/www.w3.org\/TR\/REC-html40\/loose.dtd\">\n<html><body><p>ngg_shortcode_0_placeholder\n<\/p><p style=\"text-align: center;\"><strong>Autor fotografi&iacute; :<\/strong> Karel Koumar &ndash; 12.4.2009<\/p>\n<\/body><\/html>\n","protected":false},"excerpt":{"rendered":"<p>Autor fotografi&iacute; : Karel Koumar &ndash; 12.4.2009<\/p>\n","protected":false},"author":1,"featured_media":0,"parent":0,"menu_order":0,"comment_status":"closed","ping_status":"closed","template":"","meta":{"ngg_post_thumbnail":0,"h5ap_radio_sources":[],"footnotes":""},"class_list":["post-388","page","type-page","status-publish","hentry"],"_links":{"self":[{"href":"https:\/\/www.zaborna.cz\/index.php?rest_route=\/wp\/v2\/pages\/388","targetHints":{"allow":["GET"]}}],"collection":[{"href":"https:\/\/www.zaborna.cz\/index.php?rest_route=\/wp\/v2\/pages"}],"about":[{"href":"https:\/\/www.zaborna.cz\/index.php?rest_route=\/wp\/v2\/types\/page"}],"author":[{"embeddable":true,"href":"https:\/\/www.zaborna.cz\/index.php?rest_route=\/wp\/v2\/users\/1"}],"replies":[{"embeddable":true,"href":"https:\/\/www.zaborna.cz\/index.php?rest_route=%2Fwp%2Fv2%2Fcomments&post=388"}],"version-history":[{"count":0,"href":"https:\/\/www.zaborna.cz\/index.php?rest_route=\/wp\/v2\/pages\/388\/revisions"}],"wp:attachment":[{"href":"https:\/\/www.zaborna.cz\/index.php?rest_route=%2Fwp%2Fv2%2Fmedia&parent=388"}],"curies":[{"name":"wp","href":"https:\/\/api.w.org\/{rel}","templated":true}]}}