{"id":3288,"date":"2021-01-25T20:47:40","date_gmt":"2021-01-25T19:47:40","guid":{"rendered":"http:\/\/www.zaborna.cz\/?page_id=3288"},"modified":"2023-12-13T23:45:19","modified_gmt":"2023-12-13T22:45:19","slug":"uredni-deska-2019","status":"publish","type":"page","link":"https:\/\/www.zaborna.cz\/?page_id=3288","title":{"rendered":"\u00da\u0159edn\u00ed deska &#8211; 2019"},"content":{"rendered":"<!DOCTYPE html PUBLIC \"-\/\/W3C\/\/DTD HTML 4.0 Transitional\/\/EN\" \"http:\/\/www.w3.org\/TR\/REC-html40\/loose.dtd\">\n<html><body><p>\t\t\t\t<span style=\"color: #1f9362;\">Na vybran&yacute; dokument klikn&#283;te lev&yacute;m tla&#269;&iacute;tkem my&scaron;i, ten se po t&eacute; zobraz&iacute; v nov&eacute;m okn&#283; va&scaron;eho prohl&iacute;&#382;e&#269;e. Dokumenty jsou ve form&aacute;tu&ldquo;pdf&ldquo;.<\/span><\/p>\n<h2><span style=\"color: #cc0000;\">Rok 2019<\/span><\/h2>\n<ul>\n<li><a href=\"wp-content\/uploads\/u_deska\/rozpoctove_opatreni_4_2019.pdf\" target=\"blank\" rel=\"noopener noreferrer\">19.12.2019 &ndash; Rozpo&#269;tov&eacute; opat&#345;en&iacute; &#269;.4 &ndash; 2019.<\/a><\/li>\n<li><a href=\"wp-content\/uploads\/u_deska\/usneseni_05_2019.pdf\" target=\"blank\" rel=\"noopener noreferrer\">12.12.2019 &ndash; Zpr&aacute;va a Usnesen&iacute; z ve&#345;ejn&eacute;ho pracovn&iacute;ho zased&aacute;n&iacute;.<\/a><\/li>\n<li><a href=\"wp-content\/uploads\/u_deska\/vyhlaska_02_2019.pdf\" target=\"blank\" rel=\"noopener noreferrer\">12.12.2019 &ndash; Obecn&#283; z&aacute;vazn&aacute; vyhl. obce o m&iacute;stn&iacute;m popl. za odpady.<\/a><\/li>\n<li><a href=\"wp-content\/uploads\/u_deska\/vyhlaska_01_2019.pdf\" target=\"blank\" rel=\"noopener noreferrer\">12.12.2019 &ndash; Obecn&#283; z&aacute;vazn&aacute; vyhl. obce o m&iacute;stn&iacute;m popl. za psy.<\/a><\/li>\n<li><a href=\"wp-content\/uploads\/u_deska\/rozpoctove_prov_2020.pdf\" target=\"_blank\" rel=\"noopener noreferrer\">12.12.2019 &ndash; Rozpo&#269;tov&eacute; provizoriun pro rok 2020.<\/a><\/li>\n<li><a href=\"wp-content\/uploads\/u_deska\/smena_pozemku_2020_2.pdf\" target=\"blank\" rel=\"noopener noreferrer\">26.11.2029 &ndash; Z&aacute;m&#283;r sm&#283;ny pozemku.<\/a><\/li>\n<li><a href=\"wp-content\/uploads\/u_deska\/navrh_rozpoctu_2020_mikroreg.pdf\" target=\"_blank\" rel=\"noopener noreferrer\">30.10.2019 &ndash; N&aacute;vrh rozpo&#269;tu Mikroregionu Polensko pro rok 2020.<\/a><\/li>\n<li><a href=\"wp-content\/uploads\/u_deska\/eon_2019.pdf\" target=\"blank\" rel=\"noopener noreferrer\">17.10.2019 &ndash; EON &ndash; o&#345;ez d&#345;evin v ochrann&eacute;m p&aacute;smu.<\/a><\/li>\n<li><a href=\"wp-content\/uploads\/u_deska\/rozpoctove_opatreni_3_2019.pdf\" target=\"blank\" rel=\"noopener noreferrer\">14.10.2019 &ndash; Rozpo&#269;tov&eacute; opat&#345;en&iacute; &#269;.3 &ndash; 2019.<\/a><\/li>\n<li><a href=\"wp-content\/uploads\/u_deska\/usneseni_04_2019.pdf\" target=\"blank\" rel=\"noopener noreferrer\">26.09.2019 &ndash; Zpr&aacute;va a Usnesen&iacute; z ve&#345;ejn&eacute;ho pracovn&iacute;ho zased&aacute;n&iacute;.<\/a><\/li>\n<li><a href=\"wp-content\/uploads\/u_deska\/pozvanka_vpz.pdf\" target=\"blank\" rel=\"noopener noreferrer\">12.09.2019 &ndash; Pozv&aacute;nka na ve&#345;ejn&eacute; pracovn&iacute; zased&aacute;n&iacute;.<\/a><\/li>\n<li><a href=\"wp-content\/uploads\/u_deska\/vyhlaska_mz_2.pdf\" target=\"blank\" rel=\"noopener noreferrer\">02.09.2019 &ndash; Vyhl&aacute;&scaron;ka Ministerstva zem&#283;d&#283;lstv&iacute;.<\/a><\/li>\n<li><a href=\"wp-content\/uploads\/u_deska\/vyhlaska_KV.pdf\" target=\"blank\" rel=\"noopener noreferrer\">09.08.2019 &ndash; Vyhl&aacute;&scaron;ka Kraje Vyso&#269;ina &ndash; &uacute;zemn&iacute; rozvoj.<\/a><\/li>\n<li><a href=\"wp-content\/uploads\/u_deska\/katastralni_urad_1.pdf\" target=\"blank\" rel=\"noopener noreferrer\">01.08.2019 &ndash; K&Uacute; pro kraj Vyso&#269;ina &ndash; obnoven&iacute; katastr. oper&aacute;tu.<\/a><\/li>\n<li><a href=\"wp-content\/uploads\/u_deska\/pruzkum_i.pdf\" target=\"blank\" rel=\"noopener noreferrer\">01.08.2019 &ndash; Pr&#367;zkum internetu v dom&aacute;cnostech v &#268;R.<\/a><\/li>\n<li><a href=\"wp-content\/uploads\/u_deska\/usneseni_03_2019.pdf\" target=\"blank\" rel=\"noopener noreferrer\">11.07.2019 &ndash; Zpr&aacute;va a Usnesen&iacute; z ve&#345;ejn&eacute;ho pracovn&iacute;ho zased&aacute;n&iacute;.<\/a><\/li>\n<li><a href=\"wp-content\/uploads\/u_deska\/katastralni_urad.pdf\" target=\"blank\" rel=\"noopener noreferrer\">10.07.2019 &ndash; Rozhodnut&iacute; Katastr&aacute;ln&iacute;ho &uacute;&#345;adu pro kraj Vyso&#269;ina.<\/a><\/li>\n<li><a href=\"wp-content\/uploads\/u_deska\/pozemkovy_urad_2019.pdf\" target=\"blank\" rel=\"noopener noreferrer\">10.07.2019 &ndash; Rozhodnut&iacute; St&aacute;tn&iacute;ho pozemkov&eacute;ho &uacute;&#345;adu.<\/a><\/li>\n<li><a href=\"wp-content\/uploads\/u_deska\/rozpoctove_opatreni_2_2019.pdf\" target=\"blank\" rel=\"noopener noreferrer\">24.06.2019 &ndash; Rozpo&#269;tov&eacute; opat&#345;en&iacute; &#269;.2 &ndash; 2019.<\/a><\/li>\n<li><a href=\"wp-content\/uploads\/u_deska\/rozpoctove_opatreni_1_2019.pdf\" target=\"blank\" rel=\"noopener noreferrer\">09.05.2019 &ndash; Rozpo&#269;tov&eacute; opat&#345;en&iacute; &#269;.1 &ndash; 2019.<\/a><\/li>\n<li><a href=\"wp-content\/uploads\/u_deska\/volby_EU_2019_4.pdf\" target=\"blank\" rel=\"noopener noreferrer\">09.05.2019 &ndash; Volby do Evropsk&eacute;ho parlamentu.<\/a><\/li>\n<li><a href=\"wp-content\/uploads\/u_deska\/vyhlaska_FU_2019.pdf\" target=\"blank\" rel=\"noopener noreferrer\">25.04.2019 &ndash; Vyhla&scaron;ka Finnan&#269;n&iacute;ho &uacute;&#345;adu &ndash; Da&#328; z nemovitosti.<\/a><\/li>\n<li><a href=\"wp-content\/uploads\/u_deska\/usneseni_02_2019.pdf\" target=\"blank\" rel=\"noopener noreferrer\">25.04.2019 &ndash; Zpr&aacute;va a Usnesen&iacute; z ve&#345;ejn&eacute;ho pracovn&iacute;ho zased&aacute;n&iacute;.<\/a><\/li>\n<li><a href=\"wp-content\/uploads\/u_deska\/zaverecny_ucet_2018_schvaleny.pdf\" target=\"blank\" rel=\"noopener noreferrer\">25.04.2019 &ndash; Schv&aacute;len&yacute; N&aacute;vrh z&aacute;v&#283;re&#269;n&eacute;ho &uacute;&#269;tu za rok 2018.<\/a><\/li>\n<li><a href=\"wp-content\/uploads\/u_deska\/prodej_traktoru.pdf\" target=\"blank\" rel=\"noopener noreferrer\">18.04.2019 &ndash; Z&aacute;m&#283;r prodeje mal&eacute; mechanizace.<\/a><\/li>\n<li><a href=\"wp-content\/uploads\/u_deska\/vyhlaska_2019_1.pdf\" target=\"blank\" rel=\"noopener noreferrer\">08.04.2019 &ndash; Vyhl&aacute;&scaron;ka Ministerstva zem&#283;d&#283;lstv&iacute;.<\/a><\/li>\n<li><a href=\"wp-content\/uploads\/u_deska\/volby_EU_2019_2.pdf\" target=\"blank\" rel=\"noopener noreferrer\">08.04.2019 &ndash; Volby do Evropsk&eacute;ho parlamentu.<\/a><\/li>\n<li><a href=\"wp-content\/uploads\/u_deska\/volby_EU_2019_3.pdf\" target=\"blank\" rel=\"noopener noreferrer\">08.04.2019 &ndash; Volby do Evropsk&eacute;ho parlamentu.<\/a><\/li>\n<li><a href=\"wp-content\/uploads\/u_deska\/zu_mp_2018.pdf\" target=\"_blank\" rel=\"noopener noreferrer\">27.03.2019 &ndash; N&aacute;vrh z&aacute;v&#283;r. &uacute;&#269;tu Mikroreg. Polensko &ndash; 2018.<\/a><\/li>\n<li><a href=\"wp-content\/uploads\/u_deska\/navrh_zu_2018.pdf\" target=\"_blank\" rel=\"noopener noreferrer\">21.03.2019 &ndash; N&aacute;vrh z&aacute;v&#283;re&#269;n&eacute;ho &uacute;&#269;tu za rok 2018.<\/a><\/li>\n<li><a href=\"wp-content\/uploads\/u_deska\/zprava_o_hospodareni_2018.pdf\" target=\"_blank\" rel=\"noopener noreferrer\">21.03.2019 &ndash; Zpr&aacute;va o hospoda&#345;en&iacute; obce v roce 2018.<\/a><\/li>\n<li><a href=\"wp-content\/uploads\/u_deska\/volby_EU_2019_1.pdf\" target=\"blank\" rel=\"noopener noreferrer\">21.03.2019 &ndash; Volby do Evropsk&eacute;ho parlamentu.<\/a><\/li>\n<li><a href=\"wp-content\/uploads\/u_deska\/rozpocet_2019.pdf\" target=\"_blank\" rel=\"noopener noreferrer\">08.03.2019 &ndash; Rozpo&#269;et obce na rok 2019.<\/a><\/li>\n<li><a href=\"wp-content\/uploads\/u_deska\/rozpoctovy_vyhled_2019_2020_.pdf\" target=\"_blank\" rel=\"noopener noreferrer\">08.03.2019 &ndash; St&#345;edn&#283;dob&yacute; v&yacute;hled rozpo&#269;tu na obdob&iacute; 2020 &ndash; 2022.<\/a><\/li>\n<li><a href=\"wp-content\/uploads\/u_deska\/rozhodnuti_spu_2019.pdf\" target=\"blank\" rel=\"noopener noreferrer\">18.02.2019 &ndash; Rozhodnut&iacute; st&aacute;tn&iacute;ho pozemkov&eacute;ho &uacute;&#345;adu.<\/a><\/li>\n<li><a href=\"wp-content\/uploads\/u_deska\/navrh_rozpoctu_2019_.pdf\" target=\"_blank\" rel=\"noopener noreferrer\">24.01.2019 &ndash; N&aacute;vrh rozpo&#269;tu na rok 2019.<\/a><\/li>\n<li><a href=\"wp-content\/uploads\/u_deska\/vyhled_rozpoctu_%202020_22_navrh.pdf\" target=\"_blank\" rel=\"noopener noreferrer\">24.01.2019 &ndash; N&aacute;vrh st&#345;edn&#283;dob. v&yacute;hl. rozpo&#269;tu na r. 2020 &ndash; 2022.<\/a><\/li>\n<li><a href=\"wp-content\/uploads\/u_deska\/up_polna.pdf\" target=\"_blank\" rel=\"noopener noreferrer\">14.01.2019 &ndash; Zm&#283;na &uacute;zemn&iacute;ho pl&aacute;nu v Poln&eacute;.<\/a><\/li>\n<h2 style=\"text-align: center;\"><a href=\"https:\/\/www.zaborna.cz\/?page_id=3878\"><span style=\"color: #cc0000;\">Archiv<\/span><\/a><\/h2>\n<\/ul><\/body><\/html>\n","protected":false},"excerpt":{"rendered":"<p>Na vybran&yacute; dokument klikn&#283;te lev&yacute;m tla&#269;&iacute;tkem my&scaron;i, ten se po t&eacute; zobraz&iacute; v nov&eacute;m okn&#283; va&scaron;eho prohl&iacute;&#382;e&#269;e. Dokumenty jsou ve form&aacute;tu&ldquo;pdf&ldquo;. Rok 2019 19.12.2019 &ndash; Rozpo&#269;tov&eacute; opat&#345;en&iacute; &#269;.4 &ndash; 2019. 12.12.2019 &ndash; Zpr&aacute;va a Usnesen&iacute; z ve&#345;ejn&eacute;ho pracovn&iacute;ho zased&aacute;n&iacute;. 12.12.2019 &ndash; Obecn&#283; z&aacute;vazn&aacute; vyhl. obce o m&iacute;stn&iacute;m popl. za odpady. 12.12.2019 &ndash; Obecn&#283; z&aacute;vazn&aacute; vyhl. [&hellip;]<\/p>\n","protected":false},"author":1,"featured_media":0,"parent":0,"menu_order":0,"comment_status":"closed","ping_status":"closed","template":"","meta":{"ngg_post_thumbnail":0,"h5ap_radio_sources":[],"footnotes":""},"class_list":["post-3288","page","type-page","status-publish","hentry"],"_links":{"self":[{"href":"https:\/\/www.zaborna.cz\/index.php?rest_route=\/wp\/v2\/pages\/3288","targetHints":{"allow":["GET"]}}],"collection":[{"href":"https:\/\/www.zaborna.cz\/index.php?rest_route=\/wp\/v2\/pages"}],"about":[{"href":"https:\/\/www.zaborna.cz\/index.php?rest_route=\/wp\/v2\/types\/page"}],"author":[{"embeddable":true,"href":"https:\/\/www.zaborna.cz\/index.php?rest_route=\/wp\/v2\/users\/1"}],"replies":[{"embeddable":true,"href":"https:\/\/www.zaborna.cz\/index.php?rest_route=%2Fwp%2Fv2%2Fcomments&post=3288"}],"version-history":[{"count":0,"href":"https:\/\/www.zaborna.cz\/index.php?rest_route=\/wp\/v2\/pages\/3288\/revisions"}],"wp:attachment":[{"href":"https:\/\/www.zaborna.cz\/index.php?rest_route=%2Fwp%2Fv2%2Fmedia&parent=3288"}],"curies":[{"name":"wp","href":"https:\/\/api.w.org\/{rel}","templated":true}]}}