{"id":150,"date":"2018-06-22T20:44:12","date_gmt":"2018-06-22T18:44:12","guid":{"rendered":"http:\/\/www.zaborna.cz\/wp\/?page_id=150"},"modified":"2023-12-13T13:18:14","modified_gmt":"2023-12-13T12:18:14","slug":"odkazy-na-statni-spravu","status":"publish","type":"page","link":"https:\/\/www.zaborna.cz\/?page_id=150","title":{"rendered":"Odkazy na st\u00e1tn\u00ed spr\u00e1vu"},"content":{"rendered":"<!DOCTYPE html PUBLIC \"-\/\/W3C\/\/DTD HTML 4.0 Transitional\/\/EN\" \"http:\/\/www.w3.org\/TR\/REC-html40\/loose.dtd\">\n<html><body><ul>\n<li><a href=\"https:\/\/www.hrad.cz\/\" target=\"_blank\" rel=\"noopener noreferrer\">Prezident republiky<\/a><a href=\"https:\/\/www.hrad.cz\/\" target=\"_blank\" rel=\"noopener noreferrer\"><img loading=\"lazy\" decoding=\"async\" class=\"size-medium wp-image-3851 alignright\" src=\"\/\/beta.zaborna.cz\/wp-content\/uploads\/2023\/12\/velky_znak_cr-258x300.jpg\" alt=\"\" data-id=\"3851\" width=\"258\" height=\"300\" srcset=\"https:\/\/www.zaborna.cz\/wp-content\/uploads\/2023\/12\/velky_znak_cr-258x300.jpg 258w, https:\/\/www.zaborna.cz\/wp-content\/uploads\/2023\/12\/velky_znak_cr.jpg 286w\" sizes=\"auto, (max-width: 258px) 100vw, 258px\" \/><\/a><\/li>\n<li><a href=\"http:\/\/www.psp.cz\/sqw\/hp.sqw?akk=4\" target=\"_blank\" rel=\"noopener noreferrer\">Poslaneck&aacute; sn&#283;movna<\/a><\/li>\n<li><a href=\"http:\/\/www.senat.cz\/\" target=\"_blank\" rel=\"noopener noreferrer\">Sen&aacute;t<\/a><\/li>\n<li><a href=\"https:\/\/www.vlada.cz\/\" target=\"_blank\" rel=\"noopener noreferrer\">Vl&aacute;da &#268;R<\/a><\/li>\n<li><a href=\"http:\/\/www.mvcr.cz\/\" target=\"_blank\" rel=\"noopener noreferrer\">Ministerstvo vnitra<\/a><\/li>\n<li><a href=\"https:\/\/www.mzv.cz\/jnp\/\" target=\"_blank\" rel=\"noopener noreferrer\">Ministerstvo zahrani&#269;n&iacute;ch v&#283;c&iacute;<\/a><\/li>\n<li><a href=\"https:\/\/portal.justice.cz\/Justice2\/Uvod\/uvod.aspx\" target=\"_blank\" rel=\"noopener noreferrer\">Ministerstvo spravedlnosti<\/a><\/li>\n<li><a href=\"https:\/\/www.mfcr.cz\/\" target=\"_blank\" rel=\"noopener noreferrer\">Ministerstvo financ&iacute;<\/a><\/li>\n<li><a href=\"https:\/\/www.mpo.cz\/\" target=\"_blank\" rel=\"noopener noreferrer\">Ministerstvo pr&#367;myslu a obchodu<\/a><\/li>\n<li><a href=\"http:\/\/www.army.cz\/\" target=\"_blank\" rel=\"noopener noreferrer\">Ministerstvo obrany<\/a><\/li>\n<li><a href=\"http:\/\/www.mmr.cz\/cs\/Uvod\" target=\"_blank\" rel=\"noopener noreferrer\">Ministerstvo pro m&iacute;stn&iacute; rozvoj<\/a><\/li>\n<li><a href=\"http:\/\/eagri.cz\/public\/web\/mze\/\" target=\"_blank\" rel=\"noopener noreferrer\">Ministerstvo zem&#283;d&#283;lstv&iacute;<\/a><\/li>\n<li><a href=\"http:\/\/www.mzcr.cz\/\" target=\"_blank\" rel=\"noopener noreferrer\">Ministerstvo zdravotnictv&iacute;<\/a><\/li>\n<li><a href=\"http:\/\/www.env.cz\/\" target=\"_blank\" rel=\"noopener noreferrer\">Ministerstvo &#382;ivotn&iacute;ho prost&#345;ed&iacute;<\/a><\/li>\n<li><a href=\"https:\/\/www.mkcr.cz\/\" target=\"_blank\" rel=\"noopener noreferrer\">Ministerstvo kultury<\/a><\/li>\n<li><a href=\"https:\/\/www.mpsv.cz\/cs\/\" target=\"_blank\" rel=\"noopener noreferrer\">Ministerstvo pr&aacute;ce a soci&aacute;ln&iacute;ch v&#283;c&iacute;<\/a><\/li>\n<li><a href=\"http:\/\/www.mdcr.cz\/\" target=\"_blank\" rel=\"noopener noreferrer\">Ministerstvo dopravy a spoj&#367;<\/a><\/li>\n<li><a href=\"http:\/\/www.msmt.cz\/\" target=\"_blank\" rel=\"noopener noreferrer\">Ministerstvo &scaron;kolstv&iacute; ml&aacute;de&#382;e a t&#283;lov&yacute;chovy<\/a><\/li>\n<\/ul>\n<ul>\n<li><a href=\"http:\/\/www.obce.cz\/\" target=\"_blank\" rel=\"noopener noreferrer\">Port&aacute;l &ndash; M&#283;sta a obce<\/a><\/li>\n<\/ul>\n<p>&nbsp;<\/p>\n<\/body><\/html>\n","protected":false},"excerpt":{"rendered":"<p>Prezident republiky Poslaneck&aacute; sn&#283;movna Sen&aacute;t Vl&aacute;da &#268;R Ministerstvo vnitra Ministerstvo zahrani&#269;n&iacute;ch v&#283;c&iacute; Ministerstvo spravedlnosti Ministerstvo financ&iacute; Ministerstvo pr&#367;myslu a obchodu Ministerstvo obrany Ministerstvo pro m&iacute;stn&iacute; rozvoj Ministerstvo zem&#283;d&#283;lstv&iacute; Ministerstvo zdravotnictv&iacute; Ministerstvo &#382;ivotn&iacute;ho prost&#345;ed&iacute; Ministerstvo kultury Ministerstvo pr&aacute;ce a soci&aacute;ln&iacute;ch v&#283;c&iacute; Ministerstvo dopravy a spoj&#367; Ministerstvo &scaron;kolstv&iacute; ml&aacute;de&#382;e a t&#283;lov&yacute;chovy Port&aacute;l &ndash; M&#283;sta a obce &nbsp;<\/p>\n","protected":false},"author":1,"featured_media":0,"parent":0,"menu_order":0,"comment_status":"closed","ping_status":"closed","template":"","meta":{"ngg_post_thumbnail":0,"h5ap_radio_sources":[],"footnotes":""},"class_list":["post-150","page","type-page","status-publish","hentry"],"_links":{"self":[{"href":"https:\/\/www.zaborna.cz\/index.php?rest_route=\/wp\/v2\/pages\/150","targetHints":{"allow":["GET"]}}],"collection":[{"href":"https:\/\/www.zaborna.cz\/index.php?rest_route=\/wp\/v2\/pages"}],"about":[{"href":"https:\/\/www.zaborna.cz\/index.php?rest_route=\/wp\/v2\/types\/page"}],"author":[{"embeddable":true,"href":"https:\/\/www.zaborna.cz\/index.php?rest_route=\/wp\/v2\/users\/1"}],"replies":[{"embeddable":true,"href":"https:\/\/www.zaborna.cz\/index.php?rest_route=%2Fwp%2Fv2%2Fcomments&post=150"}],"version-history":[{"count":0,"href":"https:\/\/www.zaborna.cz\/index.php?rest_route=\/wp\/v2\/pages\/150\/revisions"}],"wp:attachment":[{"href":"https:\/\/www.zaborna.cz\/index.php?rest_route=%2Fwp%2Fv2%2Fmedia&parent=150"}],"curies":[{"name":"wp","href":"https:\/\/api.w.org\/{rel}","templated":true}]}}