{"id":1320,"date":"2018-07-11T12:17:56","date_gmt":"2018-07-11T10:17:56","guid":{"rendered":"http:\/\/www.zaborna.cz\/?page_id=1320"},"modified":"2023-12-13T23:43:09","modified_gmt":"2023-12-13T22:43:09","slug":"uredni-deska-2013","status":"publish","type":"page","link":"https:\/\/www.zaborna.cz\/?page_id=1320","title":{"rendered":"\u00da\u0159edn\u00ed deska &#8211; 2013"},"content":{"rendered":"<!DOCTYPE html PUBLIC \"-\/\/W3C\/\/DTD HTML 4.0 Transitional\/\/EN\" \"http:\/\/www.w3.org\/TR\/REC-html40\/loose.dtd\">\n<html><body><p>\t\t\t\t<span style=\"color: #1f9362;\">Na vybran&yacute; dokument klikn&#283;te lev&yacute;m tla&#269;&iacute;tkem my&scaron;i, ten se po t&eacute; zobraz&iacute; v nov&eacute;m okn&#283; va&scaron;eho prohl&iacute;&#382;e&#269;e. Dokumenty jsou ve form&aacute;tu&ldquo;pdf&ldquo;.<\/span><\/p>\n<h2><span style=\"color: #cc0000;\">Rok 2013<\/span><\/h2>\n<ul>\n<li><a href=\"wp-content\/uploads\/u_deska\/svak_pozvanka.pdf\" target=\"_blank\" rel=\"noopener noreferrer\">05.12.2013 &ndash; Pozv&aacute;nka na valnou hromadu SVaK.<\/a><\/li>\n<li><a href=\"wp-content\/uploads\/u_deska\/svak_rozpocet_n_2014.pdf\" target=\"_blank\" rel=\"noopener noreferrer\">05.12.2013 &ndash; SVaK Jihlavsko &ndash; n&aacute;vrh rozpo&#269;tu pro rok 2014.<\/a><\/li>\n<li><a href=\"wp-content\/uploads\/u_deska\/usneseni_11_2013.pdf\" target=\"_blank\" rel=\"noopener noreferrer\">21.11.2013 &ndash; Z&aacute;pis a Usnesen&iacute; z Ve&#345;ejn&eacute;ho pracovn&iacute;ho zased&aacute;n&iacute;.<\/a><\/li>\n<li><a href=\"wp-content\/uploads\/u_deska\/usneseni_08_2013.pdf\" target=\"_blank\" rel=\"noopener noreferrer\">22.08.2013 &ndash; Z&aacute;pis a Usnesen&iacute; z Ve&#345;ejn&eacute;ho pracovn&iacute;ho zased&aacute;n&iacute;.<\/a><\/li>\n<li><a href=\"wp-content\/uploads\/u_deska\/usneseni_05_2013.pdf\" target=\"_blank\" rel=\"noopener noreferrer\">30.05.2013 &ndash; Z&aacute;pis a Usnesen&iacute; z Ve&#345;ejn&eacute;ho pracovn&iacute;ho zased&aacute;n&iacute;.<\/a><\/li>\n<li><a href=\"wp-content\/uploads\/u_deska\/pozemek_9.pdf\" target=\"_blank\" rel=\"noopener noreferrer\">30.05.2013 &ndash; Prodej obecn&iacute;ho pozemku.<\/a><\/li>\n<li><a href=\"wp-content\/uploads\/u_deska\/navrh_zu_2012.pdf\" target=\"_blank\" rel=\"noopener noreferrer\">09.05.2013 &ndash; N&aacute;vrh z&aacute;v&#283;re&#269;n&eacute;ho &uacute;&#269;tu za rok 2012.<\/a><\/li>\n<li><a href=\"wp-content\/uploads\/u_deska\/zprava_o_hospodareni_2012.pdf\" target=\"_blank\" rel=\"noopener noreferrer\">09.05.2013 &ndash; Zpr&aacute;va o v&yacute;sledku p&#345;ezkoum&aacute;n&iacute; hospoda&#345;en&iacute; obce.<\/a><\/li>\n<li><a href=\"wp-content\/uploads\/u_deska\/usneseni_03_2013.pdf\" target=\"_blank\" rel=\"noopener noreferrer\">07.03.2013 &ndash; Z&aacute;pis a Usnesen&iacute; z Ve&#345;ejn&eacute;ho pracovn&iacute;ho zased&aacute;n&iacute;.<\/a><\/li>\n<li><a href=\"wp-content\/uploads\/u_deska\/rozpocet_2013.pdf\" target=\"_blank\" rel=\"noopener noreferrer\">19.02.2013 &ndash; N&aacute;vrh rozpo&#269;tu pro rok 2013.<\/a><\/li>\n<li><a href=\"wp-content\/uploads\/u_deska\/vyhlaska_13.pdf\" target=\"_blank\" rel=\"noopener noreferrer\">17.01.2013 &ndash; Ve&#345;ejn&aacute; vyhl&aacute;&scaron;ka, rozhodnut&iacute; o um&iacute;st&#283;n&iacute; stavby.<\/a><\/li>\n<\/ul>\n<h2 style=\"text-align: center;\"><a href=\"https:\/\/www.zaborna.cz\/?page_id=3878\"><span style=\"color: #cc0000;\">Archiv<\/span><\/a><\/h2>\n<\/body><\/html>\n","protected":false},"excerpt":{"rendered":"<p>Na vybran&yacute; dokument klikn&#283;te lev&yacute;m tla&#269;&iacute;tkem my&scaron;i, ten se po t&eacute; zobraz&iacute; v nov&eacute;m okn&#283; va&scaron;eho prohl&iacute;&#382;e&#269;e. Dokumenty jsou ve form&aacute;tu&ldquo;pdf&ldquo;. Rok 2013 05.12.2013 &ndash; Pozv&aacute;nka na valnou hromadu SVaK. 05.12.2013 &ndash; SVaK Jihlavsko &ndash; n&aacute;vrh rozpo&#269;tu pro rok 2014. 21.11.2013 &ndash; Z&aacute;pis a Usnesen&iacute; z Ve&#345;ejn&eacute;ho pracovn&iacute;ho zased&aacute;n&iacute;. 22.08.2013 &ndash; Z&aacute;pis a Usnesen&iacute; z [&hellip;]<\/p>\n","protected":false},"author":1,"featured_media":0,"parent":0,"menu_order":0,"comment_status":"closed","ping_status":"closed","template":"","meta":{"ngg_post_thumbnail":0,"h5ap_radio_sources":[],"footnotes":""},"class_list":["post-1320","page","type-page","status-publish","hentry"],"_links":{"self":[{"href":"https:\/\/www.zaborna.cz\/index.php?rest_route=\/wp\/v2\/pages\/1320","targetHints":{"allow":["GET"]}}],"collection":[{"href":"https:\/\/www.zaborna.cz\/index.php?rest_route=\/wp\/v2\/pages"}],"about":[{"href":"https:\/\/www.zaborna.cz\/index.php?rest_route=\/wp\/v2\/types\/page"}],"author":[{"embeddable":true,"href":"https:\/\/www.zaborna.cz\/index.php?rest_route=\/wp\/v2\/users\/1"}],"replies":[{"embeddable":true,"href":"https:\/\/www.zaborna.cz\/index.php?rest_route=%2Fwp%2Fv2%2Fcomments&post=1320"}],"version-history":[{"count":0,"href":"https:\/\/www.zaborna.cz\/index.php?rest_route=\/wp\/v2\/pages\/1320\/revisions"}],"wp:attachment":[{"href":"https:\/\/www.zaborna.cz\/index.php?rest_route=%2Fwp%2Fv2%2Fmedia&parent=1320"}],"curies":[{"name":"wp","href":"https:\/\/api.w.org\/{rel}","templated":true}]}}